{"id":1878,"date":"2024-09-30T09:53:54","date_gmt":"2024-09-30T09:53:54","guid":{"rendered":"http:\/\/cloudsway:7890\/?page_id=1878"},"modified":"2024-10-23T07:55:49","modified_gmt":"2024-10-23T07:55:49","slug":"terms-of-use","status":"publish","type":"page","link":"https:\/\/www.cloudsway.ai\/es\/terms-of-use\/","title":{"rendered":"Condiciones de uso"},"content":{"rendered":"<div data-elementor-type=\"wp-page\" data-elementor-id=\"1878\" class=\"elementor elementor-1878\" data-elementor-post-type=\"page\">\n\t\t\t\t<div class=\"elementor-element elementor-element-dc07a49 e-con-full e-flex e-con e-parent\" data-id=\"dc07a49\" data-element_type=\"container\">\n\t\t\t\t<div class=\"elementor-element elementor-element-2ce5d6f elementor-widget elementor-widget-heading\" data-id=\"2ce5d6f\" data-element_type=\"widget\" data-widget_type=\"heading.default\">\n\t\t\t\t<div class=\"elementor-widget-container\">\n\t\t\t\t\t<h2 class=\"elementor-heading-title elementor-size-default\">Cloudsway Condiciones de uso del sitio web y del servicio<\/h2>\t\t\t\t<\/div>\n\t\t\t\t<\/div>\n\t\t\t\t<div class=\"elementor-element elementor-element-3c7abf6 elementor-widget elementor-widget-text-editor\" data-id=\"3c7abf6\" data-element_type=\"widget\" data-widget_type=\"text-editor.default\">\n\t\t\t\t<div class=\"elementor-widget-container\">\n\t\t\t\t\t\t\t\t\t<p><span style=\"background-color: transparent; font-family: var( --e-global-typography-text-font-family ), Sans-serif; font-weight: var( --e-global-typography-text-font-weight ); text-align: var(--text-align);\">\u00a1Bienvenido a Cloudsway!<\/span><\/p><p>Las presentes Condiciones de uso del sitio web y del servicio de Cloudsway (en adelante, las \"Condiciones\") constituyen un acuerdo legal entre Cloudsway (en adelante, \"Clousdway\", \"nosotros\" o \"nos\" se refieren a Cloudsway Pte. Ltd. y sus filiales) y usted o la entidad a la que representa (en adelante, \"Cliente\" o \"usted\"). Estas Condiciones se aplican a: (i) nuestros sitios web oficiales (por ejemplo, www.cloudsway.ai) o portales que publiquen un enlace a estas Condiciones (colectivamente, los \"Sitios Web\"); y (ii) cualquier producto o servicio que adquiera de Cloudsway que contenga o haga referencia a estas Condiciones (colectivamente, los \"Servicios\"). Al navegar por nuestros Sitios Web o utilizar los Servicios, usted acepta quedar vinculado por estas Condiciones. Si no acepta o no desea quedar vinculado por estas Condiciones, no podr\u00e1 acceder ni utilizar de ning\u00fan otro modo los Sitios Web y Servicios de Cloudsway.<\/p><p>Cloudsway se reserva el derecho de actualizar o modificar estas Condiciones en cualquier momento, y los cambios entrar\u00e1n en vigor inmediatamente despu\u00e9s de su publicaci\u00f3n en nuestros Sitios Web.<\/p><p><strong style=\"background-color: transparent; font-family: var( --e-global-typography-text-font-family ), Sans-serif; text-align: var(--text-align);\"><b>1 Utilizaci\u00f3n de los servicios Cloudsway<\/b><\/strong><\/p><p><span style=\"background-color: transparent; font-family: var( --e-global-typography-text-font-family ), Sans-serif; font-weight: var( --e-global-typography-text-font-weight ); text-align: var(--text-align);\">1.1 Los Sitios Web y Servicios de Cloudsway no est\u00e1n destinados a ni\u00f1os o menores. La definici\u00f3n y la edad m\u00ednima de los ni\u00f1os y los menores se establecen en la legislaci\u00f3n aplicable pertinente. Los ni\u00f1os y los menores no deben registrarse para utilizar nuestros Servicios. Al aceptar estas Condiciones, usted declara y garantiza que tiene al menos dieciocho (18) a\u00f1os de edad.<\/span><\/p><p><span style=\"background-color: transparent; font-family: var( --e-global-typography-text-font-family ), Sans-serif; font-weight: var( --e-global-typography-text-font-weight ); text-align: var(--text-align);\">1.2 Los Servicios de Cloudsway en virtud del presente incluyen, entre otros, interfaces de programaci\u00f3n de aplicaciones (API), API de acceso a tokens, scripts HTML, herramientas de importaci\u00f3n de datos y otros programas inform\u00e1ticos, seg\u00fan proceda (conjuntamente, \"API\"), as\u00ed como API program\u00e1ticos e interfaces web desarrollados por Cloudsway para alojar, utilizar, poner a punto y formar a los modelos AI. Adem\u00e1s, Cloudsway prestar\u00e1 servicios profesionales de consultor\u00eda, asistencia t\u00e9cnica y mantenimiento postventa.<\/span><\/p><p><span style=\"background-color: transparent; font-family: var( --e-global-typography-text-font-family ), Sans-serif; font-weight: var( --e-global-typography-text-font-weight ); text-align: var(--text-align);\">1.3 Con sujeci\u00f3n a las presentes Condiciones y a su formulario de pedido aplicable, Cloudsway le concede un derecho no exclusivo, intransferible y no sublicenciable de acceso y uso de los Servicios durante la vigencia del formulario de pedido aplicable \u00fanicamente para sus operaciones comerciales.<\/span><\/p><p><span style=\"background-color: transparent; font-family: var( --e-global-typography-text-font-family ), Sans-serif; font-weight: var( --e-global-typography-text-font-weight ); text-align: var(--text-align);\">1.4 Para utilizar los Servicios, el Cliente debe registrarse y obtener una cuenta de consola Cloudsway (\"Cuenta\"). Para el registro de la Cuenta, el Cliente se compromete a proporcionar informaci\u00f3n precisa durante el registro y a mantenerla actualizada. Cloudsway podr\u00e1 suspender o cancelar su cuenta si su informaci\u00f3n es incorrecta o no est\u00e1 actualizada, y no ser\u00e1 responsable de los problemas resultantes.<\/span><\/p><p><span style=\"background-color: transparent; font-family: var( --e-global-typography-text-font-family ), Sans-serif; font-weight: var( --e-global-typography-text-font-weight ); text-align: var(--text-align);\">1.5 Usted es responsable de mantener la confidencialidad de todos los nombres de usuario, contrase\u00f1as y otras credenciales de acceso de su Cuenta. Si permite que terceros accedan a su Cuenta, lo hace por su cuenta y riesgo y reconoce que dichos terceros pueden obtener, modificar o eliminar los datos y la configuraci\u00f3n de su Cuenta.<\/span><\/p><p><span style=\"background-color: transparent; font-family: var( --e-global-typography-text-font-family ), Sans-serif; font-weight: var( --e-global-typography-text-font-weight ); text-align: var(--text-align);\">1.6 Por la presente, usted confirma que usted, as\u00ed como sus usuarios autorizados, utilizar\u00e1n en todo momento los Servicios de Cloudsway de conformidad con estas Condiciones y todas las leyes y reglamentos aplicables, y no perjudicar\u00e1n los intereses leg\u00edtimos de terceros. Usted se compromete a (i) realizar esfuerzos comercialmente razonables para evitar el acceso no autorizado a los Servicios, incluyendo, sin limitaci\u00f3n, la protecci\u00f3n de las contrase\u00f1as y otras credenciales de acceso, <\/span><em style=\"background-color: transparent; font-family: var( --e-global-typography-text-font-family ), Sans-serif; font-weight: var( --e-global-typography-text-font-weight ); text-align: var(--text-align);\">y<\/em><span style=\"background-color: transparent; font-family: var( --e-global-typography-text-font-family ), Sans-serif; font-weight: var( --e-global-typography-text-font-weight ); text-align: var(--text-align);\">(ii) ser\u00e1 responsable de obtener y mantener cualquier equipo, software y servicios auxiliares necesarios para conectarse a los Servicios, acceder a ellos o utilizarlos de cualquier otro modo. En caso de conocimiento o sospecha de uso no autorizado de los Servicios, el Cliente deber\u00e1 notificarlo inmediatamente a Cloudsway.<\/span><\/p><p><span style=\"background-color: transparent; font-family: var( --e-global-typography-text-font-family ), Sans-serif; font-weight: var( --e-global-typography-text-font-weight ); text-align: var(--text-align);\">1.7 Usted no podr\u00e1, directa o indirectamente: (i) realizar ingenier\u00eda inversa, descompilar, desensamblar, modificar, crear trabajos derivados o intentar de cualquier otra forma crear o derivar el c\u00f3digo fuente subyacente a los Servicios; (ii) intentar sondear, escanear o probar la vulnerabilidad de los Servicios, o violar cualquier medida de seguridad o autenticaci\u00f3n sin la debida autorizaci\u00f3n, o inutilizar intencionadamente cualquier parte de los Servicios; (iii) utilizar o acceder a los Servicios para desarrollar un producto o servicio que sea competitivo con los productos o servicios de Cloudsway o participar en an\u00e1lisis o evaluaciones comparativas de la competencia; (iv) transferir, distribuir, revender, arrendar, conceder licencias o ceder los Servicios u ofrecer de otro modo los Servicios de forma independiente; (v) realizar llamadas a trav\u00e9s de la API que excedan los l\u00edmites sobre el n\u00famero y la frecuencia de dichas llamadas, o realizar cualquier acci\u00f3n que imponga una carga irrazonable o desproporcionadamente pesada sobre la API o los Servicios o que afecte negativamente a la capacidad de otros para acceder o utilizar la API o los Servicios; (vi) introducir cualquier virus, gusano, troyano, malware u otro c\u00f3digo malicioso a trav\u00e9s de la API o en los Servicios; (vii) utilizar de cualquier otro modo los Servicios infringiendo la legislaci\u00f3n aplicable o fuera del \u00e1mbito expresamente permitido en el presente documento o en el formulario de pedido aplicable.<\/span><\/p><p><span style=\"background-color: transparent; font-family: var( --e-global-typography-text-font-family ), Sans-serif; font-weight: var( --e-global-typography-text-font-weight ); text-align: var(--text-align);\">1.8 Con el fin de utilizar los Servicios de Cloudsway, el usuario puede proporcionar a Cloudsway sus datos personales, como su nombre, cargo, informaci\u00f3n de contacto, informaci\u00f3n de facturaci\u00f3n, etc. Cloudsway ha implantado y mantiene un completo programa de seguridad conforme a las normas del sector. Para m\u00e1s informaci\u00f3n sobre c\u00f3mo Cloudsway protege sus datos personales, consulte Cloudsway <\/span><a style=\"font-family: var( --e-global-typography-text-font-family ), Sans-serif; font-weight: var( --e-global-typography-text-font-weight ); text-align: var(--text-align);\" href=\"https:\/\/www.cloudsway.ai\/es\/privacy-policy\/\"><strong>Pol\u00edtica de privacidad<\/strong><\/a><span style=\"background-color: transparent; font-family: var( --e-global-typography-text-font-family ), Sans-serif; font-weight: var( --e-global-typography-text-font-weight ); text-align: var(--text-align);\">.<\/span><\/p><p><span style=\"background-color: transparent; font-family: var( --e-global-typography-text-font-family ), Sans-serif; font-weight: var( --e-global-typography-text-font-weight ); text-align: var(--text-align);\">1.9 Los Servicios est\u00e1n sujetos a modificaciones y actualizaciones peri\u00f3dicas. No se ofrece ninguna garant\u00eda con respecto a la calidad, estabilidad, tiempo de actividad o fiabilidad de los Servicios a los efectos de las presentes Condiciones, salvo que usted y Cloudsway acuerden lo contrario en un formulario de pedido independiente.<\/span><\/p><p><strong><b>2 P<\/b><\/strong><strong><b>rohibit<\/b><\/strong><strong><b>ed A<\/b><\/strong><strong><b>ctividades<\/b><\/strong><\/p><p>2.1 El Cliente no realizar\u00e1, y no permitir\u00e1 ni har\u00e1 que ninguna persona realice, ninguna de las siguientes actividades prohibidas:<\/p><ul><li>Participar, facilitar o permitir actividades ilegales, il\u00edcitas, infractoras, perjudiciales o fraudulentas que infrinjan las leyes y normativas aplicables.<\/li><li>Comunicar cualquier mensaje o material difamatorio, perjudicial para menores, obsceno o que constituya pornograf\u00eda.<\/li><li>Infrinja los derechos de propiedad intelectual de terceros o sea ilegal por cualquier otro motivo.<\/li><li>Abusar de nuestros Sitios Web o Servicios, o crear un riesgo para la seguridad de los sistemas de Cloudsway.<\/li><li>Violar cualquier t\u00e9rmino de las pol\u00edticas y acuerdos de Cloudsway, incluyendo pero no limitado a la Pol\u00edtica de Privacidad, Pol\u00edtica de Cookies, Condiciones de Uso, etc.<\/li><\/ul><p>2.2 Las actividades descritas anteriormente no constituyen una lista exhaustiva, sino que sirven como ejemplos ilustrativos de conductas consideradas inapropiadas, ilegales o perjudiciales para la reputaci\u00f3n comercial, las redes o los servicios de Cloudsway y, por lo tanto, est\u00e1n prohibidas al utilizar nuestros Sitios Web y Servicios.Cloudsway cooperar\u00e1 con las autoridades policiales o judiciales y, a petici\u00f3n o por indicaci\u00f3n de \u00e9stas, podr\u00e1 revelar la identidad o ubicaci\u00f3n de cualquier persona que publique cualquier material que infrinja estas disposiciones.<\/p><p><strong><b>3 Tasas y pagos<\/b><\/strong><\/p><p>3.1 Cloudsway tiene derecho a determinar las tarifas de los servicios de pago, y la tarifa espec\u00edfica del servicio se basar\u00e1 en las normas publicadas en las p\u00e1ginas de servicios correspondientes. Usted podr\u00e1 seleccionar y pagar los servicios correspondientes en funci\u00f3n de sus necesidades.<\/p><p>3.2 Al completar el pago de acuerdo con las normas de tarifas para un servicio espec\u00edfico publicado por Cloudsway, usted celebra un contrato con Cloudsway para la compra de dicho servicio. Salvo que se especifique en acuerdos especiales para los correspondientes servicios de pago que haya adquirido o si la imposibilidad de utilizar el servicio se debe exclusivamente a un fallo de Cloudsway, no le reembolsaremos los pagos que haya realizado por utilizar el servicio.<\/p><p>3.3 Si tiene alguna duda al adquirir servicios, puede consultar a trav\u00e9s de la informaci\u00f3n de contacto del servicio de atenci\u00f3n al cliente que figura en cada p\u00e1gina de servicio, o ponerse en contacto con nosotros a trav\u00e9s de los m\u00e9todos de contacto especificados en la secci\u00f3n10(8) del presente documento.<\/p><p><strong><b>4 Propiedad intelectual<\/b><\/strong><\/p><p>4.1 A excepci\u00f3n de los derechos limitados concedidos expresamente al Cliente en virtud del presente, Cloudsway posee y retiene exclusivamente todos los derechos, t\u00edtulos e intereses sobre el Sitio Web, los Servicios y todos los datos relacionados. Salvo consentimiento por escrito de Cloudsway, nadie podr\u00e1 utilizar, modificar, copiar, difundir p\u00fablicamente, alterar, difundir, distribuir o publicar los programas o contenidos de nuestros Sitios Web y Servicios.<\/p><p>4.2 Cloudsway puede proporcionarle infraestructura para acceder, modificar o utilizar de otro modo modelos formados por terceros. Por lo que respecta a los derechos de propiedad intelectual implicados en los productos, servicios y tecnolog\u00edas ofrecidos por terceros, Cloudsway ha sido debidamente autorizado por dichos terceros. No obstante, los modelos de terceros pueden tener sus propios t\u00e9rminos y condiciones espec\u00edficos. Es su responsabilidad cumplir con dichos t\u00e9rminos. En caso de conflicto entre estas Condiciones y las condiciones del modelo de terceros, prevalecer\u00e1n las condiciones del modelo de terceros.<\/p><p><strong><b>5 Confidencialidad<\/b><\/strong><\/p><p>5.1 A los efectos de las presentes Condiciones, por \"Informaci\u00f3n Confidencial\" se entiende cualquier informaci\u00f3n confidencial o de propiedad exclusiva revelada por una parte (\"Parte Reveladora\") a otra parte (\"Parte Receptora\"), ya sea verbalmente o por escrito, que est\u00e9 marcada como confidencial o que razonablemente deba considerarse confidencial dada la naturaleza de la informaci\u00f3n o el contexto de su revelaci\u00f3n. Esto incluye, pero no se limita a, detalles t\u00e9cnicos, operativos, de marketing, facturaci\u00f3n, precios y comerciales relacionados con la prestaci\u00f3n de Servicios.<\/p><p>5.2 La obligaci\u00f3n de confidencialidad de la Parte Receptora no se aplicar\u00e1 a la informaci\u00f3n que pueda demostrar que: (i) estaba a disposici\u00f3n del p\u00fablico antes de ser recibida por la Parte Receptora o se hizo p\u00fablica por causas ajenas a la Parte Receptora; (ii) fue obtenida legalmente de un tercero que no ten\u00eda ninguna obligaci\u00f3n con la Parte Divulgadora y sin restricciones de uso o divulgaci\u00f3n; o (iii) fue desarrollada de forma independiente por la Parte Receptora o sus empleados, consultores o agentes sin referencia a la Informaci\u00f3n Confidencial de la Parte Divulgadora.<\/p><p>5.3 La Parte Receptora se compromete a utilizar la Informaci\u00f3n Confidencial \u00fanicamente seg\u00fan lo permitido por las presentes Condiciones, o seg\u00fan lo autorizado expl\u00edcitamente por escrito por la Parte Divulgadora. El acceso a la Informaci\u00f3n Confidencial se limitar\u00e1 a los empleados y proveedores de servicios de la Parte Receptora que necesiten conocer dicha informaci\u00f3n para cumplir con sus obligaciones aqu\u00ed descritas y que est\u00e9n sujetos a obligaciones de confidencialidad al menos tan estrictas como las de las presentes Condiciones. La Parte Receptora proteger\u00e1 la Informaci\u00f3n Confidencial con el mismo cuidado que utiliza para proteger su propia informaci\u00f3n confidencial similar, pero no menos que con un cuidado razonable. Previa solicitud por escrito, la Parte Receptora destruir\u00e1 o devolver\u00e1 todas las copias de la Informaci\u00f3n Confidencial a la Parte Divulgadora.<\/p><p>5.4 La Parte Receptora reconoce que cualquier violaci\u00f3n de la confidencialidad podr\u00eda causar un da\u00f1o significativo a la Parte Reveladora. Por lo tanto, adem\u00e1s de cualquier otro recurso disponible, la Parte Divulgadora tiene derecho a solicitar medidas cautelares inmediatas en caso de incumplimiento, sin necesidad de depositar una fianza o demostrar un da\u00f1o irreparable.<\/p><p><strong><b>6 Indemnizaci\u00f3n<\/b><\/strong><\/p><p>6.1 Cloudsway se compromete a defenderle contra cualquier reclamaci\u00f3n, demanda, pleito o procedimiento (colectivamente, \"Reclamaci\u00f3n\") formulada o presentada contra usted por un tercero alegando que el uso de los Servicios permitido en virtud del presente infringe o se apropia indebidamente de una patente, derecho de autor o marca comercial de Singapur. Cloudsway le indemnizar\u00e1 por los da\u00f1os y perjuicios que finalmente se le adjudiquen en relaci\u00f3n con dicha Reclamaci\u00f3n, siempre que (a) usted notifique inmediatamente a Cloudsway dicha Reclamaci\u00f3n; (b) Cloudsway conserve la autoridad \u00fanica y exclusiva para defender y\/o resolver dicha Reclamaci\u00f3n; y (c) usted coopere razonablemente con Clousway en relaci\u00f3n con la misma. La obligaci\u00f3n de indemnizaci\u00f3n de Cloudsway en virtud del presente se limitar\u00e1 a $1.000 (mil d\u00f3lares).  Esta indemnizaci\u00f3n no se aplica a ninguna reclamaci\u00f3n derivada de tu incumplimiento o violaci\u00f3n de las condiciones de terceros asociadas a tu uso, modificaci\u00f3n o redistribuci\u00f3n de modelos de terceros proporcionados a trav\u00e9s de los Servicios.<\/p><p>6.2 El Cliente se compromete a indemnizar, defender y mantener indemne a Cloudsway, as\u00ed como a sus directores, accionistas y empleados, de y contra cualquier reclamaci\u00f3n, responsabilidad, p\u00e9rdida o da\u00f1o que surja de o en relaci\u00f3n con el incumplimiento por parte del Cliente de estas Condiciones o el uso de los Servicios.<\/p><p><strong><b>\u00a0<\/b><\/strong><\/p><p><strong><b>7 Renuncias.<\/b><\/strong><\/p><p>7.1 LOS SERVICIOS PRESTADOS POR CLOUDSWAY SE OFRECEN \"TAL CUAL\" Y \"COMO AVAILABLE\". CLOUDSWAY NO HACE REPRESENTACIONES O GARANT\u00cdAS DE NING\u00daN TIPO, YA SEA EXPRESA O IMPL\u00cdCITA, CON RESPECTO A LOS SERVICIOS, INCLUYENDO PERO NO LIMITADO A CUALQUIER GARANT\u00cdA DE COMERCIABILIDAD, IDONEIDAD PARA UN PROP\u00d3SITO PARTICULAR, O NO INFRACCI\u00d3N. AL UTILIZAR LOS SERVICIOS, EL USUARIO RECONOCE Y ACEPTA QUE LO HACE BAJO SU PROPIO RIESGO Y DISCRECI\u00d3N Y QUE CLOUDSWAY NO TIENE NINGUNA OBLIGACI\u00d3N DE SUPERVISAR, CONTROLAR O VERIFICAR EL CONTENIDO O LOS DATOS TRANSMITIDOS A TRAV\u00c9S DE SUS SERVICIOS.<\/p><p>7.2 CLOUDSWAY NO GARANTIZA QUE: (I) LOS SERVICIOS SATISFAGAN SUS NECESIDADES O REQUISITOS ESPEC\u00cdFICOS; (II) LOS SERVICIOS SEAN ININTERRUMPIDOS, PUNTUALES, SEGUROS O EST\u00c9N LIBRES DE ERRORES O DEFECTOS; (III) LOS RESULTADOS OBTENIDOS DEL USO DE LOS SERVICIOS SEAN PRECISOS, FIABLES O ADECUADOS PARA CUALQUIER PROP\u00d3SITO PARTICULAR; (IV) CUALQUIER CONTENIDO, DATO O MATERIAL AL QUE SE ACCEDA A TRAV\u00c9S DE LOS SERVICIOS SEA DE CALIDAD SATISFACTORIA, EST\u00c9 LIBRE DE ERRORES O CUMPLA SUS EXPECTATIVAS.<\/p><p>7.3 CLOUDSWAY NO SER\u00c1 RESPONSABLE DE NINGUNA CONSECUENCIA DERIVADA DEL USO DE LOS SERVICIOS, INCLUYENDO, PERO NO LIMITADO A, CUALQUIER DECISI\u00d3N TOMADA O ACCIONES EMPRENDIDAS BASADAS EN CONOCIMIENTOS O DATOS DERIVADOS DE LOS MODELOS AI. ADEM\u00c1S, CLOUDSWAY NO ES RESPONSABLE DE LAS PLATAFORMAS O SERVICIOS DE TERCEROS QUE PUEDAN INTERACTUAR O INTEGRARSE EN LOS SERVICIOS DE CLOUDSWAY.<\/p><p><strong><b>\u00a0 8 Limitaci\u00f3n de responsabilidad<\/b><\/strong><\/p><p>8.1 En la medida en que lo permita la legislaci\u00f3n aplicable, y con excepci\u00f3n de las obligaciones relacionadas con indemnizaciones, negligencia grave, dolo o infracci\u00f3n o apropiaci\u00f3n indebida de los derechos de propiedad intelectual de la otra parte, ninguna de las partes ser\u00e1 responsable ante la otra en virtud de las presentes Condiciones por:<\/p><p>(i) cualquier da\u00f1o indirecto, especial, incidental, consecuente o punitivo, incluyendo pero no limitado a da\u00f1os por p\u00e9rdida de uso, p\u00e9rdida de beneficios o interrupci\u00f3n de negocio, incluso si tales da\u00f1os eran previsibles o si la parte fue advertida de la posibilidad de tales da\u00f1os; <em>o<\/em><\/p><p>(ii) cualquier responsabilidad agregada que supere los importes abonados por el Cliente durante los doce (12) meses anteriores a la reclamaci\u00f3n, excluida la obligaci\u00f3n de pago del Cliente.<\/p><p><strong><b>9 Fuerza mayor.<\/b><\/strong><\/p><p>Excepto en lo que respecta a las obligaciones de pago en virtud del presente documento, ninguna de las partes ser\u00e1 responsable de ning\u00fan retraso o incumplimiento de cualquier obligaci\u00f3n en virtud de estos T\u00e9rminos cuando el retraso o incumplimiento se deba a cualquier causa fuera de su control razonable, incluidos casos fortuitos, conflictos laborales u otros disturbios industriales, cortes el\u00e9ctricos o de energ\u00eda, fallos en los servicios p\u00fablicos u otros fallos en las telecomunicaciones, terremotos, tormentas u otros elementos de la naturaleza, bloqueos, embargos, disturbios, actos u \u00f3rdenes del gobierno, actos de terrorismo o guerra.<\/p><p><strong><b>10 Varios<\/b><\/strong><\/p><ol><li>Plazo y terminaci\u00f3n.<\/li><\/ol><p>Las presentes Condiciones entrar\u00e1n en vigor en la Fecha de entrada en vigor y permanecer\u00e1n vigentes hasta que usted deje de utilizar nuestros Sitios Web o Servicios, o hasta que Cloudsway las rescinda. \u00a0<\/p><ol start=\"2\"><li>Efecto de la rescisi\u00f3n.<\/li><\/ol><p>A la expiraci\u00f3n o terminaci\u00f3n de estos T\u00e9rminos, todos los derechos y obligaciones terminar\u00e1n inmediatamente, excepto aquellas disposiciones que por su naturaleza est\u00e1n destinadas a sobrevivir, incluyendo pero no limitado a las disposiciones relativas al pago, propiedad intelectual, confidencialidad, renuncias, indemnizaci\u00f3n, limitaciones de responsabilidad y varios.<\/p><ol start=\"3\"><li>Publicidad.<\/li><\/ol><p>Cloudsway puede revelar el hecho de que el Cliente est\u00e1 obteniendo Servicios de Cloudsway en nuestros materiales promocionales. Si prefiere no ser identificado en dichos materiales, notif\u00edquenoslo a trav\u00e9s de <u>marketing@cloudsway.ai<\/u>y dejaremos de hacerlo en cuanto recibamos su solicitud sin demoras indebidas.<\/p><ol start=\"4\"><li>Asignaci\u00f3n.<\/li><\/ol><p>Ninguna de las partes podr\u00e1 ceder o transferir ning\u00fan derecho u obligaci\u00f3n en virtud de las presentes Condiciones sin el consentimiento previo por escrito de la otra parte, salvo que cualquiera de las partes pueda ceder las presentes Condiciones sin el consentimiento de la otra parte, en relaci\u00f3n con una fusi\u00f3n, adquisici\u00f3n, reorganizaci\u00f3n corporativa o venta de todos o sustancialmente todos sus activos.  Cualquier intento de cesi\u00f3n por cualquiera de las partes que infrinja lo aqu\u00ed dispuesto ser\u00e1 nulo.  Sin perjuicio de lo anterior, estas Condiciones ser\u00e1n vinculantes para las partes y sus sucesores y cesionarios.<\/p><ol start=\"5\"><li>Contratistas independientes<\/li><\/ol><p>Las partes de estas Condiciones son contratistas independientes. Nada de lo aqu\u00ed contenido constituir\u00e1 en modo alguno una asociaci\u00f3n, sociedad, agencia, empleo o empresa conjunta entre las partes, ni se interpretar\u00e1 como prueba de la intenci\u00f3n de las partes de establecer tal relaci\u00f3n.<\/p><ol start=\"6\"><li>Divisibilidad.<\/li><\/ol><p>Si un tribunal competente considera que alguna disposici\u00f3n de estas Condiciones es inv\u00e1lida, ilegal o inaplicable por cualquier otro motivo, dicha disposici\u00f3n se aplicar\u00e1 en la m\u00e1xima medida permitida, y las dem\u00e1s disposiciones de estas Condiciones seguir\u00e1n en pleno vigor y efecto.<\/p><ol start=\"7\"><li>Ley aplicable y resoluci\u00f3n de litigios.<\/li><\/ol><p>Las presentes Condiciones se regir\u00e1n por la legislaci\u00f3n de Singapur, con exclusi\u00f3n de las normas que regulan la elecci\u00f3n de la ley aplicable y los conflictos de leyes. Todas las disputas que surjan en virtud de estos T\u00e9rminos se llevar\u00e1n ante el Tribunal de Singapur, y las partes por la presente se someten y consienten a la jurisdicci\u00f3n y competencia exclusiva del mismo.<\/p><ol start=\"8\"><li>Contacto.<\/li><\/ol><p>Si tiene alguna pregunta sobre estas Condiciones, p\u00f3ngase en contacto con nosotros en <a href=\"mailto:info@cloudsway.ai\">info@cloudsway.ai<\/a><\/p>\t\t\t\t\t\t\t\t<\/div>\n\t\t\t\t<\/div>\n\t\t\t\t<\/div>\n\t\t\t\t<\/div>","protected":false},"excerpt":{"rendered":"<p>Cloudsway Condiciones de uso del sitio Web y del servicio \u00a1Bienvenido a Cloudsway! Las presentes Condiciones de uso del sitio Web y del servicio Cloudsway (en adelante, las \"Condiciones\") constituyen un acuerdo legal entre Cloudsway (en adelante, \"Clousdway\", \"nosotros\" o \"nos\" se refieren a Cloudsway Pte. Ltd. y sus filiales) y usted o la entidad a la que representa (en adelante, \"Cliente\" o \"usted\"). Estas Condiciones se aplican a: (i) nuestros [...]<\/p>","protected":false},"author":1,"featured_media":0,"parent":0,"menu_order":0,"comment_status":"closed","ping_status":"closed","template":"elementor_header_footer","meta":{"_acf_changed":false,"inline_featured_image":false,"footnotes":""},"class_list":["post-1878","page","type-page","status-publish","hentry"],"acf":[],"_links":{"self":[{"href":"https:\/\/www.cloudsway.ai\/es\/wp-json\/wp\/v2\/pages\/1878","targetHints":{"allow":["GET"]}}],"collection":[{"href":"https:\/\/www.cloudsway.ai\/es\/wp-json\/wp\/v2\/pages"}],"about":[{"href":"https:\/\/www.cloudsway.ai\/es\/wp-json\/wp\/v2\/types\/page"}],"author":[{"embeddable":true,"href":"https:\/\/www.cloudsway.ai\/es\/wp-json\/wp\/v2\/users\/1"}],"replies":[{"embeddable":true,"href":"https:\/\/www.cloudsway.ai\/es\/wp-json\/wp\/v2\/comments?post=1878"}],"version-history":[{"count":0,"href":"https:\/\/www.cloudsway.ai\/es\/wp-json\/wp\/v2\/pages\/1878\/revisions"}],"wp:attachment":[{"href":"https:\/\/www.cloudsway.ai\/es\/wp-json\/wp\/v2\/media?parent=1878"}],"curies":[{"name":"wp","href":"https:\/\/api.w.org\/{rel}","templated":true}]}}